{"id":7863,"date":"2019-11-15T09:28:19","date_gmt":"2019-11-15T09:28:19","guid":{"rendered":"https:\/\/salons-es.weyou-cms.com\/heavent-meetings\/visitante\/"},"modified":"2025-12-01T10:43:52","modified_gmt":"2025-12-01T10:43:52","slug":"visitante","status":"publish","type":"page","link":"https:\/\/www.heavent-one-to-one-meetings.es\/en\/visitante\/","title":{"rendered":"Visit"},"content":{"rendered":"<div class=\"wpb-content-wrapper\"><p>[vc_row][vc_column]\n\t\t\t<!-- START Banni\u00e8re pages REVOLUTION SLIDER 6.6.7 --><p class=\"rs-p-wp-fix\"><\/p>\n\t\t\t<rs-module-wrap id=\"rev_slider_8_1_wrapper\" data-source=\"post\" style=\"visibility:hidden;background:#acacac;padding:0;margin:0px auto;margin-top:0;margin-bottom:0;\">\n\t\t\t\t<rs-module id=\"rev_slider_8_1\" style=\"\" data-version=\"6.6.7\">\n\t\t\t\t\t<rs-slides style=\"overflow: hidden; position: absolute;\">\n\t\t\t\t\t\t<rs-slide style=\"position: absolute;\" data-key=\"rs-7863\" data-title=\"Visit\" data-anim=\"ms:300;\" data-in=\"o:0;\" data-out=\"a:false;\">\n\t\t\t\t\t\t\t<img decoding=\"async\" src=\"\/\/www.heavent-one-to-one-meetings.es\/wp-content\/plugins\/revslider\/public\/assets\/assets\/dummy.png\" alt=\"\" title=\"HMS-bandeau-1920&#215;300\" width=\"1920\" height=\"300\" class=\"rev-slidebg tp-rs-img rs-lazyload\" data-lazyload=\"\/\/weyoumedia.blob.core.windows.net\/heavent-meeting-es\/sites\/7\/2024\/11\/HMS-bandeau-1920x300-1.jpg\" data-bg=\"p:30% 50%;\" data-no-retina>\n<!--\n\t\t\t\t\t\t\t--><rs-layer\n\t\t\t\t\t\t\t\tid=\"slider-8-slide-7863-layer-1\" \n\t\t\t\t\t\t\t\tdata-type=\"text\"\n\t\t\t\t\t\t\t\tdata-xy=\"xo:27px;y:m;\"\n\t\t\t\t\t\t\t\tdata-text=\"w:normal;s:50,40,30,30;l:54,44,34,34;fw:500;a:center,center,center,left;\"\n\t\t\t\t\t\t\t\tdata-dim=\"w:40%,45%,45%,50%;\"\n\t\t\t\t\t\t\t\tdata-frame_999=\"o:0;st:w;\"\n\t\t\t\t\t\t\t\tstyle=\"z-index:8;font-family:'Roboto';text-transform:uppercase;\"\n\t\t\t\t\t\t\t><h1>Visit<\/h1><p><\/p> \n\t\t\t\t\t\t\t<\/rs-layer><!--\n-->\t\t\t\t\t\t<\/rs-slide>\n\t\t\t\t\t<\/rs-slides>\n\t\t\t\t\t<rs-static-layers><!--\n\t\t\t\t\t--><\/rs-static-layers>\n\t\t\t\t<\/rs-module>\n\t\t\t\t<script>\n\t\t\t\t\tsetREVStartSize({c: 'rev_slider_8_1',rl:[1240,1024,778,480],el:[300,200,200,280],gw:[1650,1024,778,480],gh:[300,200,200,280],type:'hero',justify:'',layout:'fullwidth',mh:\"450\"});if (window.RS_MODULES!==undefined && window.RS_MODULES.modules!==undefined && window.RS_MODULES.modules[\"revslider81\"]!==undefined) {window.RS_MODULES.modules[\"revslider81\"].once = false;window.revapi8 = undefined;if (window.RS_MODULES.checkMinimal!==undefined) window.RS_MODULES.checkMinimal()}\n\t\t\t\t<\/script>\n\t\t\t<\/rs-module-wrap>\n\t\t\t<!-- END REVOLUTION SLIDER -->\n[\/vc_column][\/vc_row][vc_row][vc_column]\t<div class=\"wyvc-anchors\">\r\n\t\t\t\t\t\t<a class=\"wyvc-button wyvc-shortcode wyvc-btn-large\" href=\"#exposants\">\r\n\t\t\t\t\t<span class=\"wyvc-btn-text\">The exhibitors<\/span>\r\n\t\t\t\t<\/a>\r\n\t\t\t\t\t\t\t<a class=\"wyvc-button wyvc-shortcode wyvc-btn-large\" href=\"#conferences\">\r\n\t\t\t\t\t<span class=\"wyvc-btn-text\">Conferences<\/span>\r\n\t\t\t\t<\/a>\r\n\t\t\t\t\t\t\t<a class=\"wyvc-button wyvc-shortcode wyvc-btn-large\" href=\"#infos-pratiques\">\r\n\t\t\t\t\t<span class=\"wyvc-btn-text\">Practical information<\/span>\r\n\t\t\t\t<\/a>\r\n\t\t\t\t<\/div>\r\n[\/vc_column][\/vc_row][vc_section el_id=&#8221;accreditation&#8221;][vc_row][vc_column width=&#8221;1\/2&#8243;][vc_single_image image=&#8221;7908&#8243;][\/vc_column][vc_column width=&#8221;1\/2&#8243;]<div id=\"wyvc-section-title-7822\" class=\"wyvc-section-title wyvc-shortcode wyvc-section-title-2 \">\r\n\t<div class=\"wyvc-st-inner\">\r\n\t\t\t\t\t<p class=\"wyvc-st-title\">\r\n\t\t\t\tASK FOR YOUR FREE BADGE\t\t\t<\/p>\r\n\t\t\t\t\t<\/div>\r\n<\/div>\r\n[vc_column_text css=&#8221;&#8221;]<strong>Wednesday 25th November 2026<\/strong>: 09:30am to 06:30pm<br \/>\n<strong>Thursday 26th of November 2026<\/strong>: 09:30am to 06:30pm<\/p>\n<p><strong>Marbella Congress, Trade Fairs and Exhibition Centre<\/strong><\/p>\n<p><strong>Please note that access is reserved for professionals only.\u00a0<\/strong><\/p>\n<p><em>The organisers reserve the right to refuse access to the meetings to persons who cannot prove that they are employed or self-employed.<\/em>[\/vc_column_text]<div class=\"wyvc-button-wrapper wyvc-btn-center\">\r\n\t<a class=\"wyvc-button wyvc-shortcode \" href=\"https:\/\/visitor.weyou-group.com\/heavent-meetings-es\/2026\/inscription\/si\" target=\"_blank\">\r\n\t\t<span class=\"wyvc-btn-text\">Visit<\/span>\r\n\t<\/a>\r\n<\/div>[\/vc_column][\/vc_row][\/vc_section][vc_section el_id=&#8221;exposants&#8221;][vc_row][vc_column]<div id=\"wyvc-section-title-9752\" class=\"wyvc-section-title wyvc-shortcode wyvc-section-title-1 \">\r\n\t<div class=\"wyvc-st-inner\">\r\n\t\t\t\t\t<div class=\"wyvc-st-title\">\r\n\t\t\t\t<p>THE EXHIBITORS<\/p>\n\t\t\t<\/div>\r\n\t\t\t\t\t<\/div>\r\n<\/div>\r\n[\/vc_column][\/vc_row][vc_row][vc_column]<div id=\"wyvc-section-title-9060\" class=\"wyvc-section-title wyvc-shortcode wyvc-section-title-2 \">\r\n\t<div class=\"wyvc-st-inner\">\r\n\t\t\t\t\t<p class=\"wyvc-st-title\">\r\n\t\t\t\tThe sectors present at the exhibition\t\t\t<\/p>\r\n\t\t\t\t\t<\/div>\r\n<\/div>\r\n[vc_column_text el_class=&#8221;dropcap&#8221;]<strong>Technical and service providers :<br \/>\n<\/strong>decoration, display &amp; design, audiovisual, rental\/sale installation of structures, catering&#8230;<\/p>\n<p><strong>The Locations :<br \/>\n<\/strong>hotels, destinations, convention centres, exhibition centres, theme parks, concert halls, etc.[\/vc_column_text][\/vc_column][\/vc_row][vc_row][vc_column]<div class=\"wyvc-button-wrapper wyvc-btn-center\">\r\n\t<a class=\"wyvc-button wyvc-shortcode \" href=\"https:\/\/www.heavent-one-to-one-meetings.es\/en\/list-of-exhibitors-2\/\" title=\"List of Exhibitors\">\r\n\t\t<span class=\"wyvc-btn-text\">List of exhibitors<\/span>\r\n\t<\/a>\r\n<\/div>[\/vc_column][\/vc_row][\/vc_section][vc_section el_id=&#8221;conferences&#8221;][vc_row][vc_column]<div id=\"wyvc-section-title-8326\" class=\"wyvc-section-title wyvc-shortcode wyvc-section-title-1 \">\r\n\t<div class=\"wyvc-st-inner\">\r\n\t\t\t\t\t<p class=\"wyvc-st-title\">\r\n\t\t\t\tConferences\t\t\t<\/p>\r\n\t\t\t\t\t<\/div>\r\n<\/div>\r\n[\/vc_column][\/vc_row][vc_row][vc_column width=&#8221;1\/2&#8243;]<div id=\"wyvc-section-title-5038\" class=\"wyvc-section-title wyvc-shortcode wyvc-section-title-2 \">\r\n\t<div class=\"wyvc-st-inner\">\r\n\t\t\t\t\t<p class=\"wyvc-st-title\">\r\n\t\t\t\tPROGRAM<br \/>\nOF CONFERENCES\t\t\t<\/p>\r\n\t\t\t\t\t<\/div>\r\n<\/div>\r\n[vc_column_text]<strong>HEAVENT MEETINGS<\/strong> will offer expert plenary lectures dealing with innovation in all its forms: in content, in digital, in technology in the event industry.[\/vc_column_text]<div class=\"wyvc-button-wrapper wyvc-btn-center\">\r\n\t<a class=\"wyvc-button wyvc-shortcode \" href=\"https:\/\/www.heavent-one-to-one-meetings.es\/en\/conferences\/\" title=\"Program\">\r\n\t\t<span class=\"wyvc-btn-text\">Program<\/span>\r\n\t<\/a>\r\n<\/div>[\/vc_column][vc_column width=&#8221;1\/2&#8243;][vc_single_image image=&#8221;7910&#8243;][\/vc_column][\/vc_row][\/vc_section][vc_section el_id=&#8221;infos-pratiques&#8221;][vc_row][vc_column]<div id=\"wyvc-section-title-4273\" class=\"wyvc-section-title wyvc-shortcode wyvc-section-title-1 \">\r\n\t<div class=\"wyvc-st-inner\">\r\n\t\t\t\t\t<p class=\"wyvc-st-title\">\r\n\t\t\t\tPractical information\t\t\t<\/p>\r\n\t\t\t\t\t<\/div>\r\n<\/div>\r\n[\/vc_column][\/vc_row][vc_row content_placement=&#8221;middle&#8221;][vc_column width=&#8221;7\/12&#8243; css=&#8221;.vc_custom_1578409155719{padding-right: 10% !important;padding-left: 10% !important;}&#8221;][vc_column_text css=&#8221;&#8221; el_class=&#8221;dropcap&#8221;]<\/p>\n<p style=\"text-align: left\"><strong>DATES<\/strong><\/p>\n<p style=\"text-align: left\"><strong>Wednesday 25th November 2026<\/strong>: 09:30am to 06:30pm<br \/>\n<strong>Thursday 26th of November 2026<\/strong>: 09:30am to 06:30pm<\/p>\n<p style=\"text-align: left\"><strong>PLACE<\/strong><\/p>\n<p style=\"text-align: left\"><strong>Marbella Congress, Trade Fairs and Exhibition Centre<br \/>\n<\/strong>C. Jos\u00e9 Meli\u00e1, 2, 29602 Marbella, M\u00e1laga, Espagne<\/p>\n<p>[\/vc_column_text]<div class=\"wyvc-button-wrapper wyvc-btn-center\">\r\n\t<a class=\"wyvc-button wyvc-shortcode \" href=\"https:\/\/www.heavent-one-to-one-meetings.es\/en\/practical-information-2\/\" title=\"Practical information\">\r\n\t\t<span class=\"wyvc-btn-text\">+ information<\/span>\r\n\t<\/a>\r\n<\/div>[\/vc_column][vc_column width=&#8221;5\/12&#8243;][vc_single_image image=&#8221;8218&#8243;][\/vc_column][\/vc_row][\/vc_section]<\/p>\n<\/div>","protected":false},"excerpt":{"rendered":"<p>[vc_row][vc_column][\/vc_column][\/vc_row][vc_row][vc_column][\/vc_column][\/vc_row][vc_section el_id=&#8221;accreditation&#8221;][vc_row][vc_column width=&#8221;1\/2&#8243;][vc_single_image image=&#8221;7908&#8243;][\/vc_column][vc_column width=&#8221;1\/2&#8243;][vc_column_text css=&#8221;&#8221;]Wednesday 25th November 2026: 09:30am to 06:30pm Thursday 26th of November 2026: 09:30am to 06:30pm Marbella Congress, Trade Fairs and Exhibition Centre Please note that access is reserved for professionals only.\u00a0 The organisers reserve the right to refuse access to the meetings to persons who cannot prove that they are [&hellip;]<\/p>\n","protected":false},"author":1,"featured_media":0,"parent":0,"menu_order":2,"comment_status":"closed","ping_status":"closed","template":"","meta":{"footnotes":""},"class_list":["post-7863","page","type-page","status-publish","hentry"],"yoast_head":"<!-- This site is optimized with the Yoast SEO plugin v26.9 - https:\/\/yoast.com\/product\/yoast-seo-wordpress\/ -->\n<title>Visit - Heavent One to one Meetings Espa\u00f1a<\/title>\n<meta name=\"robots\" content=\"index, follow, max-snippet:-1, max-image-preview:large, max-video-preview:-1\" \/>\n<link rel=\"canonical\" href=\"https:\/\/www.heavent-one-to-one-meetings.es\/en\/visitante\/\" \/>\n<meta property=\"og:locale\" content=\"en_US\" \/>\n<meta property=\"og:type\" content=\"article\" \/>\n<meta property=\"og:title\" content=\"Visit - Heavent One to one Meetings Espa\u00f1a\" \/>\n<meta property=\"og:description\" content=\"[vc_row][vc_column][\/vc_column][\/vc_row][vc_row][vc_column][\/vc_column][\/vc_row][vc_section el_id=&#8221;accreditation&#8221;][vc_row][vc_column width=&#8221;1\/2&#8243;][vc_single_image image=&#8221;7908&#8243;][\/vc_column][vc_column width=&#8221;1\/2&#8243;][vc_column_text css=&#8221;&#8221;]Wednesday 25th November 2026: 09:30am to 06:30pm Thursday 26th of November 2026: 09:30am to 06:30pm Marbella Congress, Trade Fairs and Exhibition Centre Please note that access is reserved for professionals only.\u00a0 The organisers reserve the right to refuse access to the meetings to persons who cannot prove that they are [&hellip;]\" \/>\n<meta property=\"og:url\" content=\"https:\/\/www.heavent-one-to-one-meetings.es\/en\/visitante\/\" \/>\n<meta property=\"og:site_name\" content=\"Heavent One to one Meetings Espa\u00f1a\" \/>\n<meta property=\"article:modified_time\" content=\"2025-12-01T10:43:52+00:00\" \/>\n<meta name=\"twitter:card\" content=\"summary_large_image\" \/>\n<meta name=\"twitter:label1\" content=\"Est. reading time\" \/>\n\t<meta name=\"twitter:data1\" content=\"2 minutes\" \/>\n<script type=\"application\/ld+json\" class=\"yoast-schema-graph\">{\"@context\":\"https:\/\/schema.org\",\"@graph\":[{\"@type\":\"WebPage\",\"@id\":\"https:\/\/www.heavent-one-to-one-meetings.es\/en\/visitante\/\",\"url\":\"https:\/\/www.heavent-one-to-one-meetings.es\/en\/visitante\/\",\"name\":\"Visit - Heavent One to one Meetings Espa\u00f1a\",\"isPartOf\":{\"@id\":\"https:\/\/www.heavent-one-to-one-meetings.es\/#website\"},\"datePublished\":\"2019-11-15T09:28:19+00:00\",\"dateModified\":\"2025-12-01T10:43:52+00:00\",\"breadcrumb\":{\"@id\":\"https:\/\/www.heavent-one-to-one-meetings.es\/en\/visitante\/#breadcrumb\"},\"inLanguage\":\"en-US\",\"potentialAction\":[{\"@type\":\"ReadAction\",\"target\":[\"https:\/\/www.heavent-one-to-one-meetings.es\/en\/visitante\/\"]}]},{\"@type\":\"BreadcrumbList\",\"@id\":\"https:\/\/www.heavent-one-to-one-meetings.es\/en\/visitante\/#breadcrumb\",\"itemListElement\":[{\"@type\":\"ListItem\",\"position\":1,\"name\":\"Home\",\"item\":\"https:\/\/salons-es.weyou-cms.com\/heavent-meetings\/en\/\"},{\"@type\":\"ListItem\",\"position\":2,\"name\":\"Visit\"}]},{\"@type\":\"WebSite\",\"@id\":\"https:\/\/www.heavent-one-to-one-meetings.es\/#website\",\"url\":\"https:\/\/www.heavent-one-to-one-meetings.es\/\",\"name\":\"Heavent One to one Meetings Espa\u00f1a\",\"description\":\"\",\"publisher\":{\"@id\":\"https:\/\/www.heavent-one-to-one-meetings.es\/#organization\"},\"potentialAction\":[{\"@type\":\"SearchAction\",\"target\":{\"@type\":\"EntryPoint\",\"urlTemplate\":\"https:\/\/www.heavent-one-to-one-meetings.es\/?s={search_term_string}\"},\"query-input\":{\"@type\":\"PropertyValueSpecification\",\"valueRequired\":true,\"valueName\":\"search_term_string\"}}],\"inLanguage\":\"en-US\"},{\"@type\":\"Organization\",\"@id\":\"https:\/\/www.heavent-one-to-one-meetings.es\/#organization\",\"name\":\"Heavent One to one Meetings Espa\u00f1a\",\"url\":\"https:\/\/www.heavent-one-to-one-meetings.es\/\",\"logo\":{\"@type\":\"ImageObject\",\"inLanguage\":\"en-US\",\"@id\":\"https:\/\/www.heavent-one-to-one-meetings.es\/#\/schema\/logo\/image\/\",\"url\":\"https:\/\/weyoumedia.blob.core.windows.net\/heavent-meeting-es\/sites\/7\/2025\/10\/HMS-LOGO-ESPANA-2025.png\",\"contentUrl\":\"https:\/\/weyoumedia.blob.core.windows.net\/heavent-meeting-es\/sites\/7\/2025\/10\/HMS-LOGO-ESPANA-2025.png\",\"width\":223,\"height\":175,\"caption\":\"Heavent One to one Meetings Espa\u00f1a\"},\"image\":{\"@id\":\"https:\/\/www.heavent-one-to-one-meetings.es\/#\/schema\/logo\/image\/\"}}]}<\/script>\n<!-- \/ Yoast SEO plugin. -->","yoast_head_json":{"title":"Visit - Heavent One to one Meetings Espa\u00f1a","robots":{"index":"index","follow":"follow","max-snippet":"max-snippet:-1","max-image-preview":"max-image-preview:large","max-video-preview":"max-video-preview:-1"},"canonical":"https:\/\/www.heavent-one-to-one-meetings.es\/en\/visitante\/","og_locale":"en_US","og_type":"article","og_title":"Visit - Heavent One to one Meetings Espa\u00f1a","og_description":"[vc_row][vc_column][\/vc_column][\/vc_row][vc_row][vc_column][\/vc_column][\/vc_row][vc_section el_id=&#8221;accreditation&#8221;][vc_row][vc_column width=&#8221;1\/2&#8243;][vc_single_image image=&#8221;7908&#8243;][\/vc_column][vc_column width=&#8221;1\/2&#8243;][vc_column_text css=&#8221;&#8221;]Wednesday 25th November 2026: 09:30am to 06:30pm Thursday 26th of November 2026: 09:30am to 06:30pm Marbella Congress, Trade Fairs and Exhibition Centre Please note that access is reserved for professionals only.\u00a0 The organisers reserve the right to refuse access to the meetings to persons who cannot prove that they are [&hellip;]","og_url":"https:\/\/www.heavent-one-to-one-meetings.es\/en\/visitante\/","og_site_name":"Heavent One to one Meetings Espa\u00f1a","article_modified_time":"2025-12-01T10:43:52+00:00","twitter_card":"summary_large_image","twitter_misc":{"Est. reading time":"2 minutes"},"schema":{"@context":"https:\/\/schema.org","@graph":[{"@type":"WebPage","@id":"https:\/\/www.heavent-one-to-one-meetings.es\/en\/visitante\/","url":"https:\/\/www.heavent-one-to-one-meetings.es\/en\/visitante\/","name":"Visit - Heavent One to one Meetings Espa\u00f1a","isPartOf":{"@id":"https:\/\/www.heavent-one-to-one-meetings.es\/#website"},"datePublished":"2019-11-15T09:28:19+00:00","dateModified":"2025-12-01T10:43:52+00:00","breadcrumb":{"@id":"https:\/\/www.heavent-one-to-one-meetings.es\/en\/visitante\/#breadcrumb"},"inLanguage":"en-US","potentialAction":[{"@type":"ReadAction","target":["https:\/\/www.heavent-one-to-one-meetings.es\/en\/visitante\/"]}]},{"@type":"BreadcrumbList","@id":"https:\/\/www.heavent-one-to-one-meetings.es\/en\/visitante\/#breadcrumb","itemListElement":[{"@type":"ListItem","position":1,"name":"Home","item":"https:\/\/salons-es.weyou-cms.com\/heavent-meetings\/en\/"},{"@type":"ListItem","position":2,"name":"Visit"}]},{"@type":"WebSite","@id":"https:\/\/www.heavent-one-to-one-meetings.es\/#website","url":"https:\/\/www.heavent-one-to-one-meetings.es\/","name":"Heavent One to one Meetings Espa\u00f1a","description":"","publisher":{"@id":"https:\/\/www.heavent-one-to-one-meetings.es\/#organization"},"potentialAction":[{"@type":"SearchAction","target":{"@type":"EntryPoint","urlTemplate":"https:\/\/www.heavent-one-to-one-meetings.es\/?s={search_term_string}"},"query-input":{"@type":"PropertyValueSpecification","valueRequired":true,"valueName":"search_term_string"}}],"inLanguage":"en-US"},{"@type":"Organization","@id":"https:\/\/www.heavent-one-to-one-meetings.es\/#organization","name":"Heavent One to one Meetings Espa\u00f1a","url":"https:\/\/www.heavent-one-to-one-meetings.es\/","logo":{"@type":"ImageObject","inLanguage":"en-US","@id":"https:\/\/www.heavent-one-to-one-meetings.es\/#\/schema\/logo\/image\/","url":"https:\/\/weyoumedia.blob.core.windows.net\/heavent-meeting-es\/sites\/7\/2025\/10\/HMS-LOGO-ESPANA-2025.png","contentUrl":"https:\/\/weyoumedia.blob.core.windows.net\/heavent-meeting-es\/sites\/7\/2025\/10\/HMS-LOGO-ESPANA-2025.png","width":223,"height":175,"caption":"Heavent One to one Meetings Espa\u00f1a"},"image":{"@id":"https:\/\/www.heavent-one-to-one-meetings.es\/#\/schema\/logo\/image\/"}}]}},"_links":{"self":[{"href":"https:\/\/www.heavent-one-to-one-meetings.es\/en\/wp-json\/wp\/v2\/pages\/7863","targetHints":{"allow":["GET"]}}],"collection":[{"href":"https:\/\/www.heavent-one-to-one-meetings.es\/en\/wp-json\/wp\/v2\/pages"}],"about":[{"href":"https:\/\/www.heavent-one-to-one-meetings.es\/en\/wp-json\/wp\/v2\/types\/page"}],"author":[{"embeddable":true,"href":"https:\/\/www.heavent-one-to-one-meetings.es\/en\/wp-json\/wp\/v2\/users\/1"}],"replies":[{"embeddable":true,"href":"https:\/\/www.heavent-one-to-one-meetings.es\/en\/wp-json\/wp\/v2\/comments?post=7863"}],"version-history":[{"count":0,"href":"https:\/\/www.heavent-one-to-one-meetings.es\/en\/wp-json\/wp\/v2\/pages\/7863\/revisions"}],"wp:attachment":[{"href":"https:\/\/www.heavent-one-to-one-meetings.es\/en\/wp-json\/wp\/v2\/media?parent=7863"}],"curies":[{"name":"wp","href":"https:\/\/api.w.org\/{rel}","templated":true}]}}